{"id":558,"date":"2025-09-19T17:05:01","date_gmt":"2025-09-19T17:05:01","guid":{"rendered":"https:\/\/kwinarch.co.za\/?page_id=558"},"modified":"2025-09-19T22:27:08","modified_gmt":"2025-09-19T22:27:08","slug":"branding","status":"publish","type":"page","link":"https:\/\/kwinarch.co.za\/fr\/branding\/","title":{"rendered":"Image de marque"},"content":{"rendered":"<div data-elementor-type=\"wp-page\" data-elementor-id=\"558\" class=\"elementor elementor-558\">\n\t\t\t\t<div class=\"elementor-element elementor-element-51574406 e-flex e-con-boxed e-con e-parent\" data-id=\"51574406\" data-element_type=\"container\" data-e-type=\"container\" data-settings=\"{&quot;background_background&quot;:&quot;classic&quot;}\">\n\t\t\t\t\t<div class=\"e-con-inner\">\n\t\t\t\t<div class=\"elementor-element elementor-element-4f4018a3 elementor-widget elementor-widget-heading\" data-id=\"4f4018a3\" data-element_type=\"widget\" data-e-type=\"widget\" data-widget_type=\"heading.default\">\n\t\t\t\t\t<h2 class=\"elementor-heading-title elementor-size-default\">Image de marque<\/h2>\t\t\t\t<\/div>\n\t\t\t\t<div class=\"elementor-element elementor-element-69c3317a elementor-icon-list--layout-inline elementor-align-center elementor-list-item-link-full_width elementor-invisible elementor-widget elementor-widget-icon-list\" data-id=\"69c3317a\" data-element_type=\"widget\" data-e-type=\"widget\" data-settings=\"{&quot;_animation&quot;:&quot;fadeIn&quot;,&quot;_animation_delay&quot;:200}\" data-widget_type=\"icon-list.default\">\n\t\t\t\t\t\t\t<ul class=\"elementor-icon-list-items elementor-inline-items\">\n\t\t\t\t\t\t\t<li class=\"elementor-icon-list-item elementor-inline-item\">\n\t\t\t\t\t\t\t\t\t\t\t<a href=\"https:\/\/kwinarch.co.za\/fr\/home\/\">\n\n\t\t\t\t\t\t\t\t\t\t\t<span class=\"elementor-icon-list-text\">Accueil<\/span>\n\t\t\t\t\t\t\t\t\t\t\t<\/a>\n\t\t\t\t\t\t\t\t\t<\/li>\n\t\t\t\t\t\t\t\t<li class=\"elementor-icon-list-item elementor-inline-item\">\n\t\t\t\t\t\t\t\t\t\t\t<span class=\"elementor-icon-list-icon\">\n\t\t\t\t\t\t\t<i aria-hidden=\"true\" class=\"jki jki-angle-right-solid\"><\/i>\t\t\t\t\t\t<\/span>\n\t\t\t\t\t\t\t\t\t\t<span class=\"elementor-icon-list-text\">Image de marque<\/span>\n\t\t\t\t\t\t\t\t\t<\/li>\n\t\t\t\t\t\t<\/ul>\n\t\t\t\t\t\t<\/div>\n\t\t\t\t\t<\/div>\n\t\t\t\t<\/div>\n\t\t<div class=\"elementor-element elementor-element-5dbcb23f e-flex e-con-boxed e-con e-parent\" data-id=\"5dbcb23f\" data-element_type=\"container\" data-e-type=\"container\">\n\t\t\t\t\t<div class=\"e-con-inner\">\n\t\t<div class=\"elementor-element elementor-element-28021767 e-con-full e-flex e-con e-child\" data-id=\"28021767\" data-element_type=\"container\" data-e-type=\"container\">\n\t\t<div class=\"elementor-element elementor-element-14bbadef e-con-full e-flex e-con e-child\" data-id=\"14bbadef\" data-element_type=\"container\" data-e-type=\"container\">\n\t\t\t\t<div class=\"elementor-element elementor-element-b7c0838 elementor-arrows-position-inside elementor-pagination-position-outside elementor-widget elementor-widget-image-carousel\" data-id=\"b7c0838\" data-element_type=\"widget\" data-e-type=\"widget\" data-settings=\"{&quot;autoplay_speed&quot;:1000,&quot;image_spacing_custom&quot;:{&quot;unit&quot;:&quot;px&quot;,&quot;size&quot;:2,&quot;sizes&quot;:[]},&quot;navigation&quot;:&quot;both&quot;,&quot;autoplay&quot;:&quot;yes&quot;,&quot;pause_on_hover&quot;:&quot;yes&quot;,&quot;pause_on_interaction&quot;:&quot;yes&quot;,&quot;infinite&quot;:&quot;yes&quot;,&quot;speed&quot;:500,&quot;image_spacing_custom_tablet&quot;:{&quot;unit&quot;:&quot;px&quot;,&quot;size&quot;:&quot;&quot;,&quot;sizes&quot;:[]},&quot;image_spacing_custom_mobile&quot;:{&quot;unit&quot;:&quot;px&quot;,&quot;size&quot;:&quot;&quot;,&quot;sizes&quot;:[]}}\" data-widget_type=\"image-carousel.default\">\n\t\t\t\t\t\t\t<div class=\"elementor-image-carousel-wrapper swiper\" role=\"region\" aria-roledescription=\"carousel\" aria-label=\"Image Carousel\" dir=\"ltr\">\n\t\t\t<div class=\"elementor-image-carousel swiper-wrapper\" aria-live=\"off\">\n\t\t\t\t\t\t\t\t<div class=\"swiper-slide\" role=\"group\" aria-roledescription=\"slide\" aria-label=\"1 of 3\"><figure class=\"swiper-slide-inner\"><img decoding=\"async\" class=\"swiper-slide-image\" src=\"https:\/\/kwinarch.co.za\/wp-content\/uploads\/2025\/09\/uzuri-cards-scaled.jpeg\" alt=\"uzuri cards\" \/><\/figure><\/div><div class=\"swiper-slide\" role=\"group\" aria-roledescription=\"slide\" aria-label=\"2 of 3\"><figure class=\"swiper-slide-inner\"><img decoding=\"async\" class=\"swiper-slide-image\" src=\"https:\/\/kwinarch.co.za\/wp-content\/uploads\/2025\/09\/mzuri-t-2-scaled.jpeg\" alt=\"mzuri t (2)\" \/><\/figure><\/div><div class=\"swiper-slide\" role=\"group\" aria-roledescription=\"slide\" aria-label=\"3 of 3\"><figure class=\"swiper-slide-inner\"><img decoding=\"async\" class=\"swiper-slide-image\" src=\"https:\/\/kwinarch.co.za\/wp-content\/uploads\/2025\/09\/aura-cards-3-scaled.jpeg\" alt=\"aura cards (3)\" \/><\/figure><\/div>\t\t\t<\/div>\n\t\t\t\t\t\t\t\t\t\t\t\t<div class=\"elementor-swiper-button elementor-swiper-button-prev\" role=\"button\" tabindex=\"0\">\n\t\t\t\t\t\t<svg aria-hidden=\"true\" class=\"e-font-icon-svg e-eicon-chevron-left\" viewbox=\"0 0 1000 1000\" xmlns=\"http:\/\/www.w3.org\/2000\/svg\"><path d=\"M646 125C629 125 613 133 604 142L308 442C296 454 292 471 292 487 292 504 296 521 308 533L604 854C617 867 629 875 646 875 663 875 679 871 692 858 704 846 713 829 713 812 713 796 708 779 692 767L438 487 692 225C700 217 708 204 708 187 708 171 704 154 692 142 675 129 663 125 646 125Z\"><\/path><\/svg>\t\t\t\t\t<\/div>\n\t\t\t\t\t<div class=\"elementor-swiper-button elementor-swiper-button-next\" role=\"button\" tabindex=\"0\">\n\t\t\t\t\t\t<svg aria-hidden=\"true\" class=\"e-font-icon-svg e-eicon-chevron-right\" viewbox=\"0 0 1000 1000\" xmlns=\"http:\/\/www.w3.org\/2000\/svg\"><path d=\"M696 533C708 521 713 504 713 487 713 471 708 454 696 446L400 146C388 133 375 125 354 125 338 125 325 129 313 142 300 154 292 171 292 187 292 204 296 221 308 233L563 492 304 771C292 783 288 800 288 817 288 833 296 850 308 863 321 871 338 875 354 875 371 875 388 867 400 854L696 533Z\"><\/path><\/svg>\t\t\t\t\t<\/div>\n\t\t\t\t\n\t\t\t\t\t\t\t\t\t<div class=\"swiper-pagination\"><\/div>\n\t\t\t\t\t\t\t\t\t<\/div>\n\t\t\t\t\t\t<\/div>\n\t\t\t\t<div class=\"elementor-element elementor-element-6819488e elementor-widget elementor-widget-heading\" data-id=\"6819488e\" data-element_type=\"widget\" data-e-type=\"widget\" data-widget_type=\"heading.default\">\n\t\t\t\t\t<h2 class=\"elementor-heading-title elementor-size-default\">Aper\u00e7u du projet<\/h2>\t\t\t\t<\/div>\n\t\t\t\t<div class=\"elementor-element elementor-element-331c1f56 elementor-widget elementor-widget-text-editor\" data-id=\"331c1f56\" data-element_type=\"widget\" data-e-type=\"widget\" data-widget_type=\"text-editor.default\">\n\t\t\t\t\t\t\t\t\t<p data-start=\"824\" data-end=\"985\">Kwinarch a con\u00e7u une suite compl\u00e8te de branding pour Mzuri Coffee et Aura Craft Studio. Ils ont cr\u00e9\u00e9 des cartes de visite refl\u00e9tant le style et les couleurs de chaque marque. Ils ont confectionn\u00e9 des tenues pour le personnel afin de renforcer l'identit\u00e9 de marque au premier coup d'\u0153il. Ils ont \u00e9galement d\u00e9velopp\u00e9 des contenants de milkshakes qui v\u00e9hiculent les visuels et les valeurs de la marque \u00e0 travers leur emballage. Chaque article renvoie \u00e0 l'identit\u00e9 fondamentale du projet pour renforcer la reconnaissance et la confiance.<\/p>\t\t\t\t\t\t\t\t<\/div>\n\t\t\t\t<\/div>\n\t\t<div class=\"elementor-element elementor-element-1753e161 e-con-full e-flex e-con e-child\" data-id=\"1753e161\" data-element_type=\"container\" data-e-type=\"container\" data-settings=\"{&quot;background_background&quot;:&quot;classic&quot;}\">\n\t\t\t\t<div class=\"elementor-element elementor-element-dc55568 gallery-spacing-custom elementor-widget elementor-widget-image-gallery\" data-id=\"dc55568\" data-element_type=\"widget\" data-e-type=\"widget\" data-widget_type=\"image-gallery.default\">\n\t\t\t\t\t\t\t<div class=\"elementor-image-gallery\">\n\t\t\t<div id='gallery-1' class='gallery galleryid-558 gallery-columns-4 gallery-size-large'><figure class='gallery-item'>\n\t\t\t<div class='gallery-icon portrait'>\n\t\t\t\t<a data-elementor-open-lightbox=\"yes\" data-elementor-lightbox-slideshow=\"dc55568\" data-elementor-lightbox-title=\"aura cards (2)\" data-e-action-hash=\"#elementor-action%3Aaction%3Dlightbox%26settings%3DeyJpZCI6NTI0LCJ1cmwiOiJodHRwczpcL1wva3dpbmFyY2guY28uemFcL3dwLWNvbnRlbnRcL3VwbG9hZHNcLzIwMjVcLzA5XC9hdXJhLWNhcmRzLTItc2NhbGVkLmpwZWciLCJzbGlkZXNob3ciOiJkYzU1NTY4In0%3D\" href='https:\/\/kwinarch.co.za\/wp-content\/uploads\/2025\/09\/aura-cards-2-scaled.jpeg'><img fetchpriority=\"high\" decoding=\"async\" width=\"768\" height=\"1024\" src=\"https:\/\/kwinarch.co.za\/wp-content\/uploads\/2025\/09\/aura-cards-2-768x1024.jpeg\" class=\"attachment-large size-large\" alt=\"\" srcset=\"https:\/\/kwinarch.co.za\/wp-content\/uploads\/2025\/09\/aura-cards-2-768x1024.jpeg 768w, https:\/\/kwinarch.co.za\/wp-content\/uploads\/2025\/09\/aura-cards-2-225x300.jpeg 225w, https:\/\/kwinarch.co.za\/wp-content\/uploads\/2025\/09\/aura-cards-2-1152x1536.jpeg 1152w, https:\/\/kwinarch.co.za\/wp-content\/uploads\/2025\/09\/aura-cards-2-1536x2048.jpeg 1536w, https:\/\/kwinarch.co.za\/wp-content\/uploads\/2025\/09\/aura-cards-2-scaled.jpeg 1920w\" sizes=\"(max-width: 768px) 100vw, 768px\" \/><\/a>\n\t\t\t<\/div><\/figure><figure class='gallery-item'>\n\t\t\t<div class='gallery-icon portrait'>\n\t\t\t\t<a data-elementor-open-lightbox=\"yes\" data-elementor-lightbox-slideshow=\"dc55568\" data-elementor-lightbox-title=\"aura cards (3)\" data-e-action-hash=\"#elementor-action%3Aaction%3Dlightbox%26settings%3DeyJpZCI6NTIzLCJ1cmwiOiJodHRwczpcL1wva3dpbmFyY2guY28uemFcL3dwLWNvbnRlbnRcL3VwbG9hZHNcLzIwMjVcLzA5XC9hdXJhLWNhcmRzLTMtc2NhbGVkLmpwZWciLCJzbGlkZXNob3ciOiJkYzU1NTY4In0%3D\" href='https:\/\/kwinarch.co.za\/wp-content\/uploads\/2025\/09\/aura-cards-3-scaled.jpeg'><img decoding=\"async\" width=\"768\" height=\"1024\" src=\"https:\/\/kwinarch.co.za\/wp-content\/uploads\/2025\/09\/aura-cards-3-768x1024.jpeg\" class=\"attachment-large size-large\" alt=\"\" srcset=\"https:\/\/kwinarch.co.za\/wp-content\/uploads\/2025\/09\/aura-cards-3-768x1024.jpeg 768w, https:\/\/kwinarch.co.za\/wp-content\/uploads\/2025\/09\/aura-cards-3-225x300.jpeg 225w, https:\/\/kwinarch.co.za\/wp-content\/uploads\/2025\/09\/aura-cards-3-1152x1536.jpeg 1152w, https:\/\/kwinarch.co.za\/wp-content\/uploads\/2025\/09\/aura-cards-3-1536x2048.jpeg 1536w, https:\/\/kwinarch.co.za\/wp-content\/uploads\/2025\/09\/aura-cards-3-scaled.jpeg 1920w\" sizes=\"(max-width: 768px) 100vw, 768px\" \/><\/a>\n\t\t\t<\/div><\/figure><figure class='gallery-item'>\n\t\t\t<div class='gallery-icon portrait'>\n\t\t\t\t<a data-elementor-open-lightbox=\"yes\" data-elementor-lightbox-slideshow=\"dc55568\" data-elementor-lightbox-title=\"aura (2)\" data-e-action-hash=\"#elementor-action%3Aaction%3Dlightbox%26settings%3DeyJpZCI6NTI3LCJ1cmwiOiJodHRwczpcL1wva3dpbmFyY2guY28uemFcL3dwLWNvbnRlbnRcL3VwbG9hZHNcLzIwMjVcLzA5XC9hdXJhLTItc2NhbGVkLmpwZWciLCJzbGlkZXNob3ciOiJkYzU1NTY4In0%3D\" href='https:\/\/kwinarch.co.za\/wp-content\/uploads\/2025\/09\/aura-2-scaled.jpeg'><img decoding=\"async\" width=\"768\" height=\"1024\" src=\"https:\/\/kwinarch.co.za\/wp-content\/uploads\/2025\/09\/aura-2-768x1024.jpeg\" class=\"attachment-large size-large\" alt=\"\" srcset=\"https:\/\/kwinarch.co.za\/wp-content\/uploads\/2025\/09\/aura-2-768x1024.jpeg 768w, https:\/\/kwinarch.co.za\/wp-content\/uploads\/2025\/09\/aura-2-225x300.jpeg 225w, https:\/\/kwinarch.co.za\/wp-content\/uploads\/2025\/09\/aura-2-1152x1536.jpeg 1152w, https:\/\/kwinarch.co.za\/wp-content\/uploads\/2025\/09\/aura-2-1536x2048.jpeg 1536w, https:\/\/kwinarch.co.za\/wp-content\/uploads\/2025\/09\/aura-2-scaled.jpeg 1920w\" sizes=\"(max-width: 768px) 100vw, 768px\" \/><\/a>\n\t\t\t<\/div><\/figure><figure class='gallery-item'>\n\t\t\t<div class='gallery-icon portrait'>\n\t\t\t\t<a data-elementor-open-lightbox=\"yes\" data-elementor-lightbox-slideshow=\"dc55568\" data-elementor-lightbox-title=\"mzuri t\" data-e-action-hash=\"#elementor-action%3Aaction%3Dlightbox%26settings%3DeyJpZCI6NTM0LCJ1cmwiOiJodHRwczpcL1wva3dpbmFyY2guY28uemFcL3dwLWNvbnRlbnRcL3VwbG9hZHNcLzIwMjVcLzA5XC9tenVyaS10LXNjYWxlZC5qcGVnIiwic2xpZGVzaG93IjoiZGM1NTU2OCJ9\" href='https:\/\/kwinarch.co.za\/wp-content\/uploads\/2025\/09\/mzuri-t-scaled.jpeg'><img loading=\"lazy\" decoding=\"async\" width=\"768\" height=\"1024\" src=\"https:\/\/kwinarch.co.za\/wp-content\/uploads\/2025\/09\/mzuri-t-768x1024.jpeg\" class=\"attachment-large size-large\" alt=\"\" srcset=\"https:\/\/kwinarch.co.za\/wp-content\/uploads\/2025\/09\/mzuri-t-768x1024.jpeg 768w, https:\/\/kwinarch.co.za\/wp-content\/uploads\/2025\/09\/mzuri-t-225x300.jpeg 225w, https:\/\/kwinarch.co.za\/wp-content\/uploads\/2025\/09\/mzuri-t-1152x1536.jpeg 1152w, https:\/\/kwinarch.co.za\/wp-content\/uploads\/2025\/09\/mzuri-t-1536x2048.jpeg 1536w, https:\/\/kwinarch.co.za\/wp-content\/uploads\/2025\/09\/mzuri-t-scaled.jpeg 1920w\" sizes=\"(max-width: 768px) 100vw, 768px\" \/><\/a>\n\t\t\t<\/div><\/figure><figure class='gallery-item'>\n\t\t\t<div class='gallery-icon portrait'>\n\t\t\t\t<a data-elementor-open-lightbox=\"yes\" data-elementor-lightbox-slideshow=\"dc55568\" data-elementor-lightbox-title=\"uzuri cards\" data-e-action-hash=\"#elementor-action%3Aaction%3Dlightbox%26settings%3DeyJpZCI6NTM1LCJ1cmwiOiJodHRwczpcL1wva3dpbmFyY2guY28uemFcL3dwLWNvbnRlbnRcL3VwbG9hZHNcLzIwMjVcLzA5XC91enVyaS1jYXJkcy1zY2FsZWQuanBlZyIsInNsaWRlc2hvdyI6ImRjNTU1NjgifQ%3D%3D\" href='https:\/\/kwinarch.co.za\/wp-content\/uploads\/2025\/09\/uzuri-cards-scaled.jpeg'><img loading=\"lazy\" decoding=\"async\" width=\"768\" height=\"1024\" src=\"https:\/\/kwinarch.co.za\/wp-content\/uploads\/2025\/09\/uzuri-cards-768x1024.jpeg\" class=\"attachment-large size-large\" alt=\"\" srcset=\"https:\/\/kwinarch.co.za\/wp-content\/uploads\/2025\/09\/uzuri-cards-768x1024.jpeg 768w, https:\/\/kwinarch.co.za\/wp-content\/uploads\/2025\/09\/uzuri-cards-225x300.jpeg 225w, https:\/\/kwinarch.co.za\/wp-content\/uploads\/2025\/09\/uzuri-cards-1152x1536.jpeg 1152w, https:\/\/kwinarch.co.za\/wp-content\/uploads\/2025\/09\/uzuri-cards-1536x2048.jpeg 1536w, https:\/\/kwinarch.co.za\/wp-content\/uploads\/2025\/09\/uzuri-cards-scaled.jpeg 1920w\" sizes=\"(max-width: 768px) 100vw, 768px\" \/><\/a>\n\t\t\t<\/div><\/figure><figure class='gallery-item'>\n\t\t\t<div class='gallery-icon portrait'>\n\t\t\t\t<a data-elementor-open-lightbox=\"yes\" data-elementor-lightbox-slideshow=\"dc55568\" data-elementor-lightbox-title=\"WhatsApp Image 2025-09-19 at 21.11.31\" data-e-action-hash=\"#elementor-action%3Aaction%3Dlightbox%26settings%3DeyJpZCI6NTk3LCJ1cmwiOiJodHRwczpcL1wva3dpbmFyY2guY28uemFcL3dwLWNvbnRlbnRcL3VwbG9hZHNcLzIwMjVcLzA5XC9XaGF0c0FwcC1JbWFnZS0yMDI1LTA5LTE5LWF0LTIxLjExLjMxLXNjYWxlZC5qcGVnIiwic2xpZGVzaG93IjoiZGM1NTU2OCJ9\" href='https:\/\/kwinarch.co.za\/wp-content\/uploads\/2025\/09\/WhatsApp-Image-2025-09-19-at-21.11.31-scaled.jpeg'><img loading=\"lazy\" decoding=\"async\" width=\"768\" height=\"1024\" src=\"https:\/\/kwinarch.co.za\/wp-content\/uploads\/2025\/09\/WhatsApp-Image-2025-09-19-at-21.11.31-768x1024.jpeg\" class=\"attachment-large size-large\" alt=\"\" srcset=\"https:\/\/kwinarch.co.za\/wp-content\/uploads\/2025\/09\/WhatsApp-Image-2025-09-19-at-21.11.31-768x1024.jpeg 768w, https:\/\/kwinarch.co.za\/wp-content\/uploads\/2025\/09\/WhatsApp-Image-2025-09-19-at-21.11.31-225x300.jpeg 225w, https:\/\/kwinarch.co.za\/wp-content\/uploads\/2025\/09\/WhatsApp-Image-2025-09-19-at-21.11.31-1152x1536.jpeg 1152w, https:\/\/kwinarch.co.za\/wp-content\/uploads\/2025\/09\/WhatsApp-Image-2025-09-19-at-21.11.31-1536x2048.jpeg 1536w, https:\/\/kwinarch.co.za\/wp-content\/uploads\/2025\/09\/WhatsApp-Image-2025-09-19-at-21.11.31-scaled.jpeg 1920w\" sizes=\"(max-width: 768px) 100vw, 768px\" \/><\/a>\n\t\t\t<\/div><\/figure><figure class='gallery-item'>\n\t\t\t<div class='gallery-icon portrait'>\n\t\t\t\t<a data-elementor-open-lightbox=\"yes\" data-elementor-lightbox-slideshow=\"dc55568\" data-elementor-lightbox-title=\"WhatsApp Image 2025-09-19 at 21.11.30\" data-e-action-hash=\"#elementor-action%3Aaction%3Dlightbox%26settings%3DeyJpZCI6NTk4LCJ1cmwiOiJodHRwczpcL1wva3dpbmFyY2guY28uemFcL3dwLWNvbnRlbnRcL3VwbG9hZHNcLzIwMjVcLzA5XC9XaGF0c0FwcC1JbWFnZS0yMDI1LTA5LTE5LWF0LTIxLjExLjMwLXNjYWxlZC5qcGVnIiwic2xpZGVzaG93IjoiZGM1NTU2OCJ9\" href='https:\/\/kwinarch.co.za\/wp-content\/uploads\/2025\/09\/WhatsApp-Image-2025-09-19-at-21.11.30-scaled.jpeg'><img loading=\"lazy\" decoding=\"async\" width=\"768\" height=\"1024\" src=\"https:\/\/kwinarch.co.za\/wp-content\/uploads\/2025\/09\/WhatsApp-Image-2025-09-19-at-21.11.30-768x1024.jpeg\" class=\"attachment-large size-large\" alt=\"\" srcset=\"https:\/\/kwinarch.co.za\/wp-content\/uploads\/2025\/09\/WhatsApp-Image-2025-09-19-at-21.11.30-768x1024.jpeg 768w, https:\/\/kwinarch.co.za\/wp-content\/uploads\/2025\/09\/WhatsApp-Image-2025-09-19-at-21.11.30-225x300.jpeg 225w, https:\/\/kwinarch.co.za\/wp-content\/uploads\/2025\/09\/WhatsApp-Image-2025-09-19-at-21.11.30-1152x1536.jpeg 1152w, https:\/\/kwinarch.co.za\/wp-content\/uploads\/2025\/09\/WhatsApp-Image-2025-09-19-at-21.11.30-1536x2048.jpeg 1536w, https:\/\/kwinarch.co.za\/wp-content\/uploads\/2025\/09\/WhatsApp-Image-2025-09-19-at-21.11.30-scaled.jpeg 1920w\" sizes=\"(max-width: 768px) 100vw, 768px\" \/><\/a>\n\t\t\t<\/div><\/figure>\n\t\t<\/div>\n\t\t<\/div>\n\t\t\t\t\t\t<\/div>\n\t\t\t\t<\/div>\n\t\t\t\t<\/div>\n\t\t<div class=\"elementor-element elementor-element-608a5dd6 e-con-full e-flex e-con e-child\" data-id=\"608a5dd6\" data-element_type=\"container\" data-e-type=\"container\">\n\t\t\t\t<div class=\"elementor-element elementor-element-18a79c15 elementor-widget elementor-widget-heading\" data-id=\"18a79c15\" data-element_type=\"widget\" data-e-type=\"widget\" data-widget_type=\"heading.default\">\n\t\t\t\t\t<h2 class=\"elementor-heading-title elementor-size-default\">Statistiques du projet<\/h2>\t\t\t\t<\/div>\n\t\t<div class=\"elementor-element elementor-element-67639886 e-con-full jkit-sticky-element--enabled e-flex jkit-sticky-element-on--down jkit-sticky-position--sticky e-con e-child\" data-id=\"67639886\" data-element_type=\"container\" data-e-type=\"container\" data-settings=\"{&quot;jkit_sticky_top_position&quot;:{&quot;unit&quot;:&quot;px&quot;,&quot;size&quot;:&quot;50&quot;,&quot;sizes&quot;:[]},&quot;jkit_sticky_device&quot;:&quot;desktop&quot;}\">\n\t\t<div class=\"elementor-element elementor-element-6450c2f6 e-con-full e-flex e-con e-child\" data-id=\"6450c2f6\" data-element_type=\"container\" data-e-type=\"container\">\n\t\t<div class=\"elementor-element elementor-element-69c01201 e-con-full e-flex e-con e-child\" data-id=\"69c01201\" data-element_type=\"container\" data-e-type=\"container\">\n\t\t\t\t<div class=\"elementor-element elementor-element-4761514f elementor-widget-mobile__width-inherit elementor-widget elementor-widget-heading\" data-id=\"4761514f\" data-element_type=\"widget\" data-e-type=\"widget\" data-widget_type=\"heading.default\">\n\t\t\t\t\t<h2 class=\"elementor-heading-title elementor-size-default\">Style de conception :<\/h2>\t\t\t\t<\/div>\n\t\t\t\t<div class=\"elementor-element elementor-element-564a6f47 elementor-widget elementor-widget-text-editor\" data-id=\"564a6f47\" data-element_type=\"widget\" data-e-type=\"widget\" data-widget_type=\"text-editor.default\">\n\t\t\t\t\t\t\t\t\t<p>Minimaliste moderne<\/p>\t\t\t\t\t\t\t\t<\/div>\n\t\t\t\t<\/div>\n\t\t<div class=\"elementor-element elementor-element-460a5e4d e-con-full e-flex e-con e-child\" data-id=\"460a5e4d\" data-element_type=\"container\" data-e-type=\"container\">\n\t\t\t\t<div class=\"elementor-element elementor-element-65e02109 elementor-widget-mobile__width-inherit elementor-widget elementor-widget-heading\" data-id=\"65e02109\" data-element_type=\"widget\" data-e-type=\"widget\" data-widget_type=\"heading.default\">\n\t\t\t\t\t<h2 class=\"elementor-heading-title elementor-size-default\">Commentaires des clients :<\/h2>\t\t\t\t<\/div>\n\t\t\t\t<div class=\"elementor-element elementor-element-351868c9 elementor-widget elementor-widget-text-editor\" data-id=\"351868c9\" data-element_type=\"widget\" data-e-type=\"widget\" data-widget_type=\"text-editor.default\">\n\t\t\t\t\t\t\t\t\tTaux de satisfaction de 98%\t\t\t\t\t\t\t\t<\/div>\n\t\t\t\t<\/div>\n\t\t\t\t<\/div>\n\t\t<div class=\"elementor-element elementor-element-86ad63f e-con-full e-flex e-con e-child\" data-id=\"86ad63f\" data-element_type=\"container\" data-e-type=\"container\" data-settings=\"{&quot;background_background&quot;:&quot;classic&quot;}\">\n\t\t\t\t<div class=\"elementor-element elementor-element-19a633ba elementor-widget elementor-widget-heading\" data-id=\"19a633ba\" data-element_type=\"widget\" data-e-type=\"widget\" data-widget_type=\"heading.default\">\n\t\t\t\t\t<h2 class=\"elementor-heading-title elementor-size-default\">Autres projets :<\/h2>\t\t\t\t<\/div>\n\t\t\t\t<div class=\"elementor-element elementor-element-50dfe236 elementor-icon-list--layout-traditional elementor-list-item-link-full_width elementor-widget elementor-widget-icon-list\" data-id=\"50dfe236\" data-element_type=\"widget\" data-e-type=\"widget\" data-widget_type=\"icon-list.default\">\n\t\t\t\t\t\t\t<ul class=\"elementor-icon-list-items\">\n\t\t\t\t\t\t\t<li class=\"elementor-icon-list-item\">\n\t\t\t\t\t\t\t\t\t\t\t<a href=\"https:\/\/kwinarch.co.za\/fr\/mzuri-coffee\/\">\n\n\t\t\t\t\t\t\t\t\t\t\t\t<span class=\"elementor-icon-list-icon\">\n\t\t\t\t\t\t\t<svg aria-hidden=\"true\" class=\"e-font-icon-svg e-fas-circle\" viewbox=\"0 0 512 512\" xmlns=\"http:\/\/www.w3.org\/2000\/svg\"><path d=\"M256 8C119 8 8 119 8 256s111 248 248 248 248-111 248-248S393 8 256 8z\"><\/path><\/svg>\t\t\t\t\t\t<\/span>\n\t\t\t\t\t\t\t\t\t\t<span class=\"elementor-icon-list-text\">Muzuri Coffee Shop<\/span>\n\t\t\t\t\t\t\t\t\t\t\t<\/a>\n\t\t\t\t\t\t\t\t\t<\/li>\n\t\t\t\t\t\t\t\t<li class=\"elementor-icon-list-item\">\n\t\t\t\t\t\t\t\t\t\t\t<a href=\"https:\/\/kwinarch.co.za\/fr\/aura-craft\/\">\n\n\t\t\t\t\t\t\t\t\t\t\t\t<span class=\"elementor-icon-list-icon\">\n\t\t\t\t\t\t\t<svg aria-hidden=\"true\" class=\"e-font-icon-svg e-fas-circle\" viewbox=\"0 0 512 512\" xmlns=\"http:\/\/www.w3.org\/2000\/svg\"><path d=\"M256 8C119 8 8 119 8 256s111 248 248 248 248-111 248-248S393 8 256 8z\"><\/path><\/svg>\t\t\t\t\t\t<\/span>\n\t\t\t\t\t\t\t\t\t\t<span class=\"elementor-icon-list-text\">Aura Craft Studio<\/span>\n\t\t\t\t\t\t\t\t\t\t\t<\/a>\n\t\t\t\t\t\t\t\t\t<\/li>\n\t\t\t\t\t\t\t\t<li class=\"elementor-icon-list-item\">\n\t\t\t\t\t\t\t\t\t\t\t<a href=\"https:\/\/kwinarch.co.za\/fr\/embassy-project\/\">\n\n\t\t\t\t\t\t\t\t\t\t\t\t<span class=\"elementor-icon-list-icon\">\n\t\t\t\t\t\t\t<svg aria-hidden=\"true\" class=\"e-font-icon-svg e-fas-circle\" viewbox=\"0 0 512 512\" xmlns=\"http:\/\/www.w3.org\/2000\/svg\"><path d=\"M256 8C119 8 8 119 8 256s111 248 248 248 248-111 248-248S393 8 256 8z\"><\/path><\/svg>\t\t\t\t\t\t<\/span>\n\t\t\t\t\t\t\t\t\t\t<span class=\"elementor-icon-list-text\">Ambassade de la RDC<\/span>\n\t\t\t\t\t\t\t\t\t\t\t<\/a>\n\t\t\t\t\t\t\t\t\t<\/li>\n\t\t\t\t\t\t\t\t<li class=\"elementor-icon-list-item\">\n\t\t\t\t\t\t\t\t\t\t\t<a href=\"https:\/\/kwinarch.co.za\/fr\/branding\/\">\n\n\t\t\t\t\t\t\t\t\t\t\t\t<span class=\"elementor-icon-list-icon\">\n\t\t\t\t\t\t\t<svg aria-hidden=\"true\" class=\"e-font-icon-svg e-fas-circle\" viewbox=\"0 0 512 512\" xmlns=\"http:\/\/www.w3.org\/2000\/svg\"><path d=\"M256 8C119 8 8 119 8 256s111 248 248 248 248-111 248-248S393 8 256 8z\"><\/path><\/svg>\t\t\t\t\t\t<\/span>\n\t\t\t\t\t\t\t\t\t\t<span class=\"elementor-icon-list-text\">Image de marque<\/span>\n\t\t\t\t\t\t\t\t\t\t\t<\/a>\n\t\t\t\t\t\t\t\t\t<\/li>\n\t\t\t\t\t\t<\/ul>\n\t\t\t\t\t\t<\/div>\n\t\t\t\t<\/div>\n\t\t\t\t<\/div>\n\t\t\t\t<\/div>\n\t\t\t\t\t<\/div>\n\t\t\t\t<\/div>\n\t\t\t\t<\/div>","protected":false},"excerpt":{"rendered":"<p>Branding Home Branding Project Overview Kwinarch designed a full branding suite for Mzuri Coffee and Aura Craft Studio. They created business cards that reflect each brand\u2019s style and colour scheme. They made staff outfits to reinforce brand identity at first glance. They developed milkshake containers that carry brand visuals and values through packaging. Each item [&hellip;]<\/p>\n","protected":false},"author":1,"featured_media":0,"parent":0,"menu_order":0,"comment_status":"closed","ping_status":"closed","template":"elementor_header_footer","meta":{"pagelayer_contact_templates":[],"_pagelayer_content":"","footnotes":""},"class_list":["post-558","page","type-page","status-publish","hentry"],"_links":{"self":[{"href":"https:\/\/kwinarch.co.za\/fr\/wp-json\/wp\/v2\/pages\/558","targetHints":{"allow":["GET"]}}],"collection":[{"href":"https:\/\/kwinarch.co.za\/fr\/wp-json\/wp\/v2\/pages"}],"about":[{"href":"https:\/\/kwinarch.co.za\/fr\/wp-json\/wp\/v2\/types\/page"}],"author":[{"embeddable":true,"href":"https:\/\/kwinarch.co.za\/fr\/wp-json\/wp\/v2\/users\/1"}],"replies":[{"embeddable":true,"href":"https:\/\/kwinarch.co.za\/fr\/wp-json\/wp\/v2\/comments?post=558"}],"version-history":[{"count":19,"href":"https:\/\/kwinarch.co.za\/fr\/wp-json\/wp\/v2\/pages\/558\/revisions"}],"predecessor-version":[{"id":612,"href":"https:\/\/kwinarch.co.za\/fr\/wp-json\/wp\/v2\/pages\/558\/revisions\/612"}],"wp:attachment":[{"href":"https:\/\/kwinarch.co.za\/fr\/wp-json\/wp\/v2\/media?parent=558"}],"curies":[{"name":"wp","href":"https:\/\/api.w.org\/{rel}","templated":true}]}}